{"id":13868,"date":"2025-08-01T20:35:33","date_gmt":"2025-08-01T18:35:33","guid":{"rendered":"https:\/\/www.lasalmasgroup.com\/?post_type=product&#038;p=13868"},"modified":"2025-08-01T20:37:01","modified_gmt":"2025-08-01T18:37:01","slug":"tdcs-transkranielle-gleichstromstimulation","status":"publish","type":"product","link":"https:\/\/www.lasalmasgroup.com\/es\/producto\/tdcs-transkranielle-gleichstromstimulation\/","title":{"rendered":"tDCS \u2013 estimulaci\u00f3n transcraneal con corriente continua"},"content":{"rendered":"<p>La estimulaci\u00f3n transcraneal con corriente continua (ETCD) es un m\u00e9todo de tratamiento no invasivo que ha demostrado ser prometedor en el tratamiento de personas con trastornos de dolor, enfermedades mentales y trastornos motores y cognitivos. Mediante la aplicaci\u00f3n de una corriente continua d\u00e9bil a trav\u00e9s de dos electrodos, la ETCD puede excitar o inhibir el cerebro, influyendo as\u00ed en la actividad de las c\u00e9lulas nerviosas y potencialmente mejorando la evoluci\u00f3n a largo plazo de diversas enfermedades.<\/p>","protected":false},"excerpt":{"rendered":"<p>tDCS para el hogar.<\/p>","protected":false},"featured_media":13869,"comment_status":"closed","ping_status":"closed","template":"","meta":[],"product_brand":[],"product_cat":[69,94,93],"product_tag":[],"class_list":{"0":"post-13868","1":"product","2":"type-product","3":"status-publish","4":"has-post-thumbnail","6":"product_cat-neurofeedback","7":"product_cat-rtms","8":"product_cat-tdcs","10":"first","11":"instock","12":"taxable","13":"shipping-taxable","14":"purchasable","15":"product-type-simple"},"_links":{"self":[{"href":"https:\/\/www.lasalmasgroup.com\/es\/wp-json\/wp\/v2\/product\/13868","targetHints":{"allow":["GET"]}}],"collection":[{"href":"https:\/\/www.lasalmasgroup.com\/es\/wp-json\/wp\/v2\/product"}],"about":[{"href":"https:\/\/www.lasalmasgroup.com\/es\/wp-json\/wp\/v2\/types\/product"}],"replies":[{"embeddable":true,"href":"https:\/\/www.lasalmasgroup.com\/es\/wp-json\/wp\/v2\/comments?post=13868"}],"version-history":[{"count":0,"href":"https:\/\/www.lasalmasgroup.com\/es\/wp-json\/wp\/v2\/product\/13868\/revisions"}],"wp:featuredmedia":[{"embeddable":true,"href":"https:\/\/www.lasalmasgroup.com\/es\/wp-json\/wp\/v2\/media\/13869"}],"wp:attachment":[{"href":"https:\/\/www.lasalmasgroup.com\/es\/wp-json\/wp\/v2\/media?parent=13868"}],"wp:term":[{"taxonomy":"product_brand","embeddable":true,"href":"https:\/\/www.lasalmasgroup.com\/es\/wp-json\/wp\/v2\/product_brand?post=13868"},{"taxonomy":"product_cat","embeddable":true,"href":"https:\/\/www.lasalmasgroup.com\/es\/wp-json\/wp\/v2\/product_cat?post=13868"},{"taxonomy":"product_tag","embeddable":true,"href":"https:\/\/www.lasalmasgroup.com\/es\/wp-json\/wp\/v2\/product_tag?post=13868"}],"curies":[{"name":"wp","href":"https:\/\/api.w.org\/{rel}","templated":true}]}}