{"id":13667,"date":"2025-07-22T12:50:21","date_gmt":"2025-07-22T10:50:21","guid":{"rendered":"https:\/\/www.lasalmasgroup.com\/?post_type=product&#038;p=13667"},"modified":"2025-07-31T22:05:14","modified_gmt":"2025-07-31T20:05:14","slug":"starter-kit-tennis-performance","status":"publish","type":"product","link":"https:\/\/www.lasalmasgroup.com\/es\/producto\/starter-kit-tennis-performance\/","title":{"rendered":"Kit de inicio para el rendimiento del tenis"},"content":{"rendered":"<p class=\"my-0\"><strong>Kit de inicio de neurofeedback para el rendimiento en el tenis<\/strong><br \/>\n<em>Incluye dispositivo Las Almas UNO y 20 protocolos.<\/em><\/p>\n<p class=\"my-0\">\u00a1Optimice su juego de tenis a un nuevo nivel con la moderna tecnolog\u00eda de neurofeedback! <strong>Kit de inicio de neurofeedback<\/strong> Incluye el innovador Las Almas <strong>Dispositivo UNO<\/strong> y 20 protocolos de entrenamiento especialmente desarrollados para mejorar espec\u00edficamente tu rendimiento en el tenis.<\/p>\n<p class=\"my-0\"><strong>Ventajas:<\/strong><\/p>\n<ul class=\"marker:text-textOff list-disc\">\n<li>\n<p class=\"my-0\"><strong>Dispositivo de neurofeedback Las Almas UNO:<\/strong> Compacto, f\u00e1cil de usar y desarrollado para su uso en entornos deportivos.<\/p>\n<\/li>\n<li>\n<p class=\"my-0\"><strong>20 protocolos profesionales:<\/strong> Los programas de entrenamiento con base cient\u00edfica promueven el enfoque, la concentraci\u00f3n y la resiliencia mental, esenciales para reacciones r\u00e1pidas, decisiones de tiro precisas y evitar errores en la cancha de tenis.<span class=\"whitespace-nowrap\">.<\/span><\/p>\n<\/li>\n<li>\n<p class=\"my-0\"><strong>Supervisi\u00f3n por personal especializado:<\/strong> Su entrenamiento ser\u00e1 supervisado por nuestro equipo experimentado para garantizar el m\u00e1ximo progreso y un uso seguro.<\/p>\n<\/li>\n<li>\n<p class=\"my-0\"><strong>Introducci\u00f3n individual:<\/strong> T\u00fa eliges: instrucci\u00f3n personalizada por videollamada o directamente en tu cancha de tenis. Aprende a usar tu equipo y los protocolos de forma \u00f3ptima.<\/p>\n<\/li>\n<\/ul>\n<p class=\"my-0\"><strong>\u00bfPor qu\u00e9 neurofeedback para el tenis?<\/strong><br \/>\nLos estudios muestran: <strong>El entrenamiento de ondas cerebrales con neurofeedback puede mejorar significativamente la concentraci\u00f3n, la capacidad de toma de decisiones y la tasa de errores en el tenis.<\/strong>Despu\u00e9s de solo unas pocas semanas de entrenamiento, los jugadores experimentan una mejor resistencia mental, tiempos de reacci\u00f3n m\u00e1s r\u00e1pidos y menos errores no forzados, para una mayor confianza en cada situaci\u00f3n de juego.<span class=\"whitespace-nowrap\">.<\/span><\/p>\n<p class=\"my-0\"><strong>\u00bfPara qui\u00e9n es adecuado?<\/strong><\/p>\n<ul class=\"marker:text-textOff list-disc\">\n<li>\n<p class=\"my-0\">Jugadores de tenis de todos los niveles<\/p>\n<\/li>\n<li>\n<p class=\"my-0\">Entrenadores y preparadores f\u00edsicos<\/p>\n<\/li>\n<li>\n<p class=\"my-0\">Clubes y equipos de tenis<\/p>\n<\/li>\n<\/ul>\n<p class=\"my-0\"><strong>Aumente su rendimiento con un entrenamiento de neurofeedback espec\u00edfico para la cancha de tenis.<\/strong><br \/>\n\u00a1Haz tu pedido ahora y asegura tu ventaja mental!<\/p>","protected":false},"excerpt":{"rendered":"<p><em>Incluye dispositivo SynchroniUNO y 20 protocolos de entrenamiento espec\u00edficos<\/em><\/p>\n<p><a href=\"https:\/\/www.lasalmasgroup.com\/wp-content\/uploads\/2025\/07\/Remote-Neurofeedback-fuer-Tennis_-Las-Almas.pdf\"><strong>Descargar folleto Neurofeedback para el Rendimiento del Tenis<\/strong><\/a><\/p>","protected":false},"featured_media":13854,"comment_status":"open","ping_status":"closed","template":"","meta":[],"product_brand":[],"product_cat":[69],"product_tag":[],"class_list":{"0":"post-13667","1":"product","2":"type-product","3":"status-publish","4":"has-post-thumbnail","6":"product_cat-neurofeedback","8":"first","9":"instock","10":"taxable","11":"shipping-taxable","12":"purchasable","13":"product-type-simple"},"_links":{"self":[{"href":"https:\/\/www.lasalmasgroup.com\/es\/wp-json\/wp\/v2\/product\/13667","targetHints":{"allow":["GET"]}}],"collection":[{"href":"https:\/\/www.lasalmasgroup.com\/es\/wp-json\/wp\/v2\/product"}],"about":[{"href":"https:\/\/www.lasalmasgroup.com\/es\/wp-json\/wp\/v2\/types\/product"}],"replies":[{"embeddable":true,"href":"https:\/\/www.lasalmasgroup.com\/es\/wp-json\/wp\/v2\/comments?post=13667"}],"version-history":[{"count":0,"href":"https:\/\/www.lasalmasgroup.com\/es\/wp-json\/wp\/v2\/product\/13667\/revisions"}],"wp:featuredmedia":[{"embeddable":true,"href":"https:\/\/www.lasalmasgroup.com\/es\/wp-json\/wp\/v2\/media\/13854"}],"wp:attachment":[{"href":"https:\/\/www.lasalmasgroup.com\/es\/wp-json\/wp\/v2\/media?parent=13667"}],"wp:term":[{"taxonomy":"product_brand","embeddable":true,"href":"https:\/\/www.lasalmasgroup.com\/es\/wp-json\/wp\/v2\/product_brand?post=13667"},{"taxonomy":"product_cat","embeddable":true,"href":"https:\/\/www.lasalmasgroup.com\/es\/wp-json\/wp\/v2\/product_cat?post=13667"},{"taxonomy":"product_tag","embeddable":true,"href":"https:\/\/www.lasalmasgroup.com\/es\/wp-json\/wp\/v2\/product_tag?post=13667"}],"curies":[{"name":"wp","href":"https:\/\/api.w.org\/{rel}","templated":true}]}}