{"id":12949,"date":"2025-07-22T13:35:02","date_gmt":"2025-07-22T11:35:02","guid":{"rendered":"https:\/\/www.lasalmasgroup.com\/?post_type=product&#038;p=12949"},"modified":"2025-07-31T21:42:48","modified_gmt":"2025-07-31T19:42:48","slug":"neurofeedback-remote","status":"publish","type":"product","link":"https:\/\/www.lasalmasgroup.com\/es\/producto\/neurofeedback-remote\/","title":{"rendered":"Neurofeedback remoto"},"content":{"rendered":"<p class=\"my-0\"><strong>Neurofeedback remoto con la aplicaci\u00f3n Las Almas<\/strong><br \/>\n<em>Tu entrenamiento personal de neurofeedback: flexible, individual y supervisado por profesionales<\/em><\/p>\n<p class=\"my-0\">Optimice su salud mental y rendimiento independientemente de la ubicaci\u00f3n con el\u00a0<strong>Programa de Neurofeedback Remoto de la App Las Almas<\/strong>Esta oferta est\u00e1 dirigida a todos aquellos que quieran beneficiarse de las posibilidades del neurofeedback, desde la comodidad de su casa o mientras viajan.<\/p>\n<p class=\"my-0\"><strong>Alcance del producto:<\/strong><\/p>\n<ul class=\"marker:text-textOff list-disc\">\n<li>\n<p class=\"my-0\"><strong>Hasta 60 protocolos de neurofeedback al mes:<\/strong>\u00a0Tendr\u00e1 acceso a una amplia selecci\u00f3n de protocolos de entrenamiento de \u00faltima generaci\u00f3n adaptados individualmente a sus necesidades.<\/p>\n<\/li>\n<li>\n<p class=\"my-0\"><strong>Protocolos individuales:<\/strong>\u00a0Nuestros experimentados terapeutas de neurofeedback crean planes de entrenamiento personalizados para usted seg\u00fan su perfil objetivo y sus etapas de desarrollo actuales.<\/p>\n<\/li>\n<li>\n<p class=\"my-0\"><strong>Sesi\u00f3n semanal online:<\/strong>\u00a0Una vez a la semana, tendr\u00e1s una sesi\u00f3n personal en l\u00ednea con tu terapeuta para supervisi\u00f3n, evaluaci\u00f3n del progreso y ajustes del protocolo.<\/p>\n<\/li>\n<li>\n<p class=\"my-0\"><strong>Soporte profesional:<\/strong>\u00a0Durante toda la sesi\u00f3n, usted ser\u00e1 supervisado por un terapeuta de neurofeedback que analizar\u00e1 su progreso y le brindar\u00e1 apoyo individual.<\/p>\n<\/li>\n<li>\n<p class=\"my-0\"><strong>Flexible e independiente de la ubicaci\u00f3n:<\/strong>\u00a0Entrena tu cerebro cuando y donde quieras: integraci\u00f3n \u00f3ptima en tu vida cotidiana.<\/p>\n<\/li>\n<\/ul>\n<p class=\"my-0\"><strong>Un aviso:<\/strong><br \/>\nPara utilizar el neurofeedback remoto se requiere un Las Almas UNO o TRIO, que debe adquirirse por separado.<\/p>\n<p class=\"my-0\"><strong>\u00bfPara qui\u00e9n es adecuado?<\/strong><br \/>\nRecomendado para adultos y ni\u00f1os que quieran aprender espec\u00edficamente\u00a0<strong>rendimiento cognitivo<\/strong>, desean mejorar de forma sostenible su bienestar o su equilibrio emocional: con base cient\u00edfica, segura y con respaldo hol\u00edstico.<span class=\"whitespace-nowrap\">.\u00a0<\/span><\/p>\n<p>El neurofeedback ayuda con diversas afecciones, como el TDAH, el TOC, la depresi\u00f3n y los trastornos del sue\u00f1o. Consulta nuestra <a href=\"https:\/\/www.lasalmasgroup.com\/es\/das-potenzial-des-menschlichen-gehirns-und-die-rolle-von-neurofeedback\/\"><strong>sitio web<\/strong><\/a> Para m\u00e1s informaci\u00f3n.<\/p>","protected":false},"excerpt":{"rendered":"<p><a href=\"https:\/\/www.lasalmasgroup.com\/wp-content\/uploads\/2025\/07\/Remote-Neurofeedback.pdf\"><strong>Folleto de neurofeedback remoto<\/strong><\/a><\/p>","protected":false},"featured_media":13851,"comment_status":"open","ping_status":"closed","template":"","meta":[],"product_brand":[],"product_cat":[69],"product_tag":[],"class_list":{"0":"post-12949","1":"product","2":"type-product","3":"status-publish","4":"has-post-thumbnail","6":"product_cat-neurofeedback","8":"first","9":"instock","10":"taxable","11":"shipping-taxable","12":"purchasable","13":"product-type-subscription"},"_links":{"self":[{"href":"https:\/\/www.lasalmasgroup.com\/es\/wp-json\/wp\/v2\/product\/12949","targetHints":{"allow":["GET"]}}],"collection":[{"href":"https:\/\/www.lasalmasgroup.com\/es\/wp-json\/wp\/v2\/product"}],"about":[{"href":"https:\/\/www.lasalmasgroup.com\/es\/wp-json\/wp\/v2\/types\/product"}],"replies":[{"embeddable":true,"href":"https:\/\/www.lasalmasgroup.com\/es\/wp-json\/wp\/v2\/comments?post=12949"}],"version-history":[{"count":0,"href":"https:\/\/www.lasalmasgroup.com\/es\/wp-json\/wp\/v2\/product\/12949\/revisions"}],"wp:featuredmedia":[{"embeddable":true,"href":"https:\/\/www.lasalmasgroup.com\/es\/wp-json\/wp\/v2\/media\/13851"}],"wp:attachment":[{"href":"https:\/\/www.lasalmasgroup.com\/es\/wp-json\/wp\/v2\/media?parent=12949"}],"wp:term":[{"taxonomy":"product_brand","embeddable":true,"href":"https:\/\/www.lasalmasgroup.com\/es\/wp-json\/wp\/v2\/product_brand?post=12949"},{"taxonomy":"product_cat","embeddable":true,"href":"https:\/\/www.lasalmasgroup.com\/es\/wp-json\/wp\/v2\/product_cat?post=12949"},{"taxonomy":"product_tag","embeddable":true,"href":"https:\/\/www.lasalmasgroup.com\/es\/wp-json\/wp\/v2\/product_tag?post=12949"}],"curies":[{"name":"wp","href":"https:\/\/api.w.org\/{rel}","templated":true}]}}