{"id":12946,"date":"2025-07-21T15:00:48","date_gmt":"2025-07-21T13:00:48","guid":{"rendered":"https:\/\/www.lasalmasgroup.com\/?post_type=product&#038;p=12946"},"modified":"2025-08-01T19:47:51","modified_gmt":"2025-08-01T17:47:51","slug":"starter-kit-golf-performance","status":"publish","type":"product","link":"https:\/\/www.lasalmasgroup.com\/es\/producto\/starter-kit-golf-performance\/","title":{"rendered":"Kit de inicio para el rendimiento del golf"},"content":{"rendered":"<p class=\"my-0\"><strong>Kit de inicio de neurofeedback para el rendimiento en el golf<\/strong><br \/>\n<em>Incluye dispositivo Las Almas UNO y 20 protocolos de entrenamiento espec\u00edficos<\/em><\/p>\n<p class=\"my-0\">\u00a1Mejora tu rendimiento en el golf con tecnolog\u00eda neurofeedback de \u00faltima generaci\u00f3n! <strong>Kit de inicio de neurofeedback<\/strong> Combina lo innovador <strong>Dispositivo Las Almas UNO<\/strong> con 20 protocolos desarrollados espec\u00edficamente para mejorar de forma sostenible tus habilidades de juego de golf.<\/p>\n<p class=\"my-0\"><strong>Reflejos:<\/strong><\/p>\n<ul class=\"marker:text-textOff list-disc\">\n<li>\n<p class=\"my-0\"><strong>Dispositivo de neurofeedback Las Almas UNO<\/strong>:Dise\u00f1ado para facilitar su uso y m\u00e1xima eficiencia.<\/p>\n<\/li>\n<li>\n<p class=\"my-0\"><strong>20 protocolos profesionales:<\/strong>\u00a0Programas de entrenamiento de neurofeedback con base cient\u00edfica, dise\u00f1ados para aumentar la concentraci\u00f3n mental, reducir el estr\u00e9s y optimizar las habilidades motoras: factores cruciales para el \u00e9xito en el golf.<span class=\"whitespace-nowrap\">.<\/span><\/p>\n<\/li>\n<li>\n<p class=\"my-0\"><strong>Supervisi\u00f3n por personal especializado: <\/strong>Tu progreso ser\u00e1 supervisado por nuestro equipo experimentado para garantizar la m\u00e1xima eficacia y seguridad durante el entrenamiento.<\/p>\n<\/li>\n<li>\n<p class=\"my-0\"><strong>Introducci\u00f3n individual:<\/strong>\u00a0Recibir\u00e1 instrucciones personalizadas sobre c\u00f3mo utilizar el dispositivo y los protocolos, mediante videollamada o en su campo de golf.<\/p>\n<\/li>\n<\/ul>\n<p class=\"my-0\"><strong>\u00bfPor qu\u00e9 neurofeedback para el golf?<\/strong><br \/>\nEstudios recientes muestran que los tratamientos dirigidos <strong>Neurofeedback del ritmo sensoriomotor (SMR-NFT) <\/strong>Puede aumentar inmediatamente la precisi\u00f3n del swing de golf, promover la tranquilidad y la calma mental y mejorar la concentraci\u00f3n, tanto en el juego corto como en el largo.<span class=\"whitespace-nowrap\">.<\/span><\/p>\n<p class=\"my-0\"><strong>Ideal para:<\/strong><\/p>\n<ul class=\"marker:text-textOff list-disc\">\n<li>\n<p class=\"my-0\">golfistas ambiciosos<\/p>\n<\/li>\n<li>\n<p class=\"my-0\">Entrenadores y preparadores f\u00edsicos<\/p>\n<\/li>\n<li>\n<p class=\"my-0\">Equipos y clubes de golf<\/p>\n<\/li>\n<\/ul>\n<p class=\"my-0\">\u00a1Da el siguiente paso hacia un juego m\u00e1s seguro y fortaleza mental en el green!<\/p>\n<p class=\"my-0\"><strong>Haga su pedido ahora y obtenga la ventaja decisiva en el golf.<\/strong><\/p>","protected":false},"excerpt":{"rendered":"<p><em>Incluye dispositivo Las Almas UNO y 20 protocolos de entrenamiento espec\u00edficos<\/em><\/p>\n<p><strong><a href=\"https:\/\/www.lasalmasgroup.com\/wp-content\/uploads\/2025\/07\/Praesentation_-Remote-Neurofeedback-fuer-Golf.pdf\">Descargar presentaci\u00f3n Neurofeedback para golfistas<\/a><\/strong><\/p>","protected":false},"featured_media":13853,"comment_status":"open","ping_status":"closed","template":"","meta":[],"product_brand":[],"product_cat":[69],"product_tag":[],"class_list":{"0":"post-12946","1":"product","2":"type-product","3":"status-publish","4":"has-post-thumbnail","6":"product_cat-neurofeedback","8":"first","9":"instock","10":"taxable","11":"shipping-taxable","12":"purchasable","13":"product-type-simple"},"_links":{"self":[{"href":"https:\/\/www.lasalmasgroup.com\/es\/wp-json\/wp\/v2\/product\/12946","targetHints":{"allow":["GET"]}}],"collection":[{"href":"https:\/\/www.lasalmasgroup.com\/es\/wp-json\/wp\/v2\/product"}],"about":[{"href":"https:\/\/www.lasalmasgroup.com\/es\/wp-json\/wp\/v2\/types\/product"}],"replies":[{"embeddable":true,"href":"https:\/\/www.lasalmasgroup.com\/es\/wp-json\/wp\/v2\/comments?post=12946"}],"version-history":[{"count":0,"href":"https:\/\/www.lasalmasgroup.com\/es\/wp-json\/wp\/v2\/product\/12946\/revisions"}],"wp:featuredmedia":[{"embeddable":true,"href":"https:\/\/www.lasalmasgroup.com\/es\/wp-json\/wp\/v2\/media\/13853"}],"wp:attachment":[{"href":"https:\/\/www.lasalmasgroup.com\/es\/wp-json\/wp\/v2\/media?parent=12946"}],"wp:term":[{"taxonomy":"product_brand","embeddable":true,"href":"https:\/\/www.lasalmasgroup.com\/es\/wp-json\/wp\/v2\/product_brand?post=12946"},{"taxonomy":"product_cat","embeddable":true,"href":"https:\/\/www.lasalmasgroup.com\/es\/wp-json\/wp\/v2\/product_cat?post=12946"},{"taxonomy":"product_tag","embeddable":true,"href":"https:\/\/www.lasalmasgroup.com\/es\/wp-json\/wp\/v2\/product_tag?post=12946"}],"curies":[{"name":"wp","href":"https:\/\/api.w.org\/{rel}","templated":true}]}}