{"id":12941,"date":"2025-08-01T20:18:15","date_gmt":"2025-08-01T18:18:15","guid":{"rendered":"https:\/\/www.lasalmasgroup.com\/?post_type=product&#038;p=12941"},"modified":"2025-08-01T20:36:25","modified_gmt":"2025-08-01T18:36:25","slug":"mag-more-tms","status":"publish","type":"product","link":"https:\/\/www.lasalmasgroup.com\/es\/producto\/mag-more-tms\/","title":{"rendered":"Mag &amp; More TMS"},"content":{"rendered":"<div>La estimulaci\u00f3n magn\u00e9tica transcraneal (EMT) es una terapia de acci\u00f3n r\u00e1pida y <strong>libre de drogas<\/strong>\u00a0Tratamiento para la depresi\u00f3n. Obtenga m\u00e1s informaci\u00f3n sobre c\u00f3mo funciona la EMT, el reembolso y d\u00f3nde encontrar los mejores servicios que ofrecen la terapia EMT Apollo.<\/div>\n<div><\/div>\n<div>\n<p><strong>Sesiones eficientes y f\u00e1ciles de usar y manejar.<\/strong><\/p>\n<ul>\n<li>Interfaz de usuario de pantalla t\u00e1ctil intuitiva<\/li>\n<li>Bobina \u00fanica para la determinaci\u00f3n y el tratamiento del umbral motor (MT)<\/li>\n<li>El posicionamiento ajustable del dispositivo permite diferentes configuraciones.<\/li>\n<\/ul>\n<\/div>\n<h6>Estimulaci\u00f3n eficiente de neuronas corticales para un tratamiento eficaz<\/h6>\n<ul>\n<li>La longitud de pulso bif\u00e1sico corta l\u00edder en la industria es altamente eficiente para estimular las neuronas corticales.<\/li>\n<li>Puede generar una r\u00e1faga theta de hasta 100 Hz<\/li>\n<\/ul>\n<h6>Excelente comodidad para el paciente<\/h6>\n<ul>\n<li>La silla para paciente dise\u00f1ada ergon\u00f3micamente promueve un proceso de tratamiento c\u00f3modo.<\/li>\n<li>Bobina de tratamiento silenciosa<\/li>\n<li>El paciente est\u00e1 despierto y alerta durante el tratamiento.<\/li>\n<li>El paciente puede retomar sus actividades habituales despu\u00e9s del tratamiento.<\/li>\n<\/ul>\n<h6>La seguridad del paciente como prioridad<\/h6>\n<ul>\n<li>Los pulsos de estimulaci\u00f3n bif\u00e1sica cortos proporcionan una entrada de energ\u00eda menor al cerebro.<\/li>\n<li>Almacenamiento de todas las configuraciones de tratamiento del paciente<\/li>\n<li>Comprobaci\u00f3n de seguridad autom\u00e1tica para protocolos de tratamiento seleccionados<\/li>\n<li>Sistema de asistencia que incluye el manejo de convulsiones<\/li>\n<\/ul>\n<div>\n<ul>\n<li>Almacenamiento de todas las configuraciones de tratamiento y posicionamiento de la bobina.<\/li>\n<li>Determinaci\u00f3n autom\u00e1tica de MT<\/li>\n<\/ul>\n<\/div>","protected":false},"excerpt":{"rendered":"<p>Tecnolog\u00eda rTMS de \u00faltima generaci\u00f3n para uso cl\u00ednico y pr\u00e1ctico<\/p>","protected":false},"featured_media":13867,"comment_status":"open","ping_status":"closed","template":"","meta":[],"product_brand":[],"product_cat":[94,69,93],"product_tag":[],"class_list":{"0":"post-12941","1":"product","2":"type-product","3":"status-publish","4":"has-post-thumbnail","6":"product_cat-rtms","7":"product_cat-neurofeedback","8":"product_cat-tdcs","10":"first","11":"instock","12":"taxable","13":"shipping-taxable","14":"purchasable","15":"product-type-simple"},"_links":{"self":[{"href":"https:\/\/www.lasalmasgroup.com\/es\/wp-json\/wp\/v2\/product\/12941","targetHints":{"allow":["GET"]}}],"collection":[{"href":"https:\/\/www.lasalmasgroup.com\/es\/wp-json\/wp\/v2\/product"}],"about":[{"href":"https:\/\/www.lasalmasgroup.com\/es\/wp-json\/wp\/v2\/types\/product"}],"replies":[{"embeddable":true,"href":"https:\/\/www.lasalmasgroup.com\/es\/wp-json\/wp\/v2\/comments?post=12941"}],"version-history":[{"count":0,"href":"https:\/\/www.lasalmasgroup.com\/es\/wp-json\/wp\/v2\/product\/12941\/revisions"}],"wp:featuredmedia":[{"embeddable":true,"href":"https:\/\/www.lasalmasgroup.com\/es\/wp-json\/wp\/v2\/media\/13867"}],"wp:attachment":[{"href":"https:\/\/www.lasalmasgroup.com\/es\/wp-json\/wp\/v2\/media?parent=12941"}],"wp:term":[{"taxonomy":"product_brand","embeddable":true,"href":"https:\/\/www.lasalmasgroup.com\/es\/wp-json\/wp\/v2\/product_brand?post=12941"},{"taxonomy":"product_cat","embeddable":true,"href":"https:\/\/www.lasalmasgroup.com\/es\/wp-json\/wp\/v2\/product_cat?post=12941"},{"taxonomy":"product_tag","embeddable":true,"href":"https:\/\/www.lasalmasgroup.com\/es\/wp-json\/wp\/v2\/product_tag?post=12941"}],"curies":[{"name":"wp","href":"https:\/\/api.w.org\/{rel}","templated":true}]}}