{"id":12937,"date":"2025-07-22T13:54:05","date_gmt":"2025-07-22T11:54:05","guid":{"rendered":"https:\/\/www.lasalmasgroup.com\/?post_type=product&#038;p=12937"},"modified":"2025-08-01T19:42:02","modified_gmt":"2025-08-01T17:42:02","slug":"neurofeedback-performance-golf-20-protokolle","status":"publish","type":"product","link":"https:\/\/www.lasalmasgroup.com\/es\/producto\/neurofeedback-performance-golf-20-protokolle\/","title":{"rendered":"Neurofeedback Performance Golf (20 protocolos)"},"content":{"rendered":"<p class=\"my-0\">Mejora tu juego de golf con neurofeedback remoto a trav\u00e9s de la app de Las Almas. Entrena tu fuerza mental para mayor concentraci\u00f3n, calma y control, especialmente durante... <strong>Puesta<\/strong> y <strong>tee<\/strong>.<\/p>\n<p class=\"my-0\"><strong>Reflejos:<\/strong><\/p>\n<ul class=\"marker:text-textOff list-disc\">\n<li>\n<p class=\"my-0\">Entrenamiento especial para putting preciso y golpes de salida potentes.<\/p>\n<\/li>\n<li>\n<p class=\"my-0\">M\u00e1s de 20 protocolos de neurofeedback que mejoran el rendimiento<\/p>\n<\/li>\n<li>\n<p class=\"my-0\">Entrenamiento flexible e independiente de la ubicaci\u00f3n a trav\u00e9s de la aplicaci\u00f3n<\/p>\n<\/li>\n<li>\n<p class=\"my-0\">Con base cient\u00edfica y utilizado por golfistas profesionales.<\/p>\n<\/li>\n<\/ul>\n<p class=\"my-0\">Aumente su rendimiento, minimice el nerviosismo y lleve su juego de golf al siguiente nivel con neurofeedback dirigido, en cualquier momento y en cualquier lugar.<\/p>\n<p>Si a\u00fan no tienes el dispositivo de neurofeedback, te recomendamos adquirir el Golf Starter Kit.<\/p>","protected":false},"excerpt":{"rendered":"<p>20 protocolos de neurofeedback para golf<\/p>","protected":false},"featured_media":13859,"comment_status":"open","ping_status":"closed","template":"","meta":[],"product_brand":[],"product_cat":[69],"product_tag":[],"class_list":{"0":"post-12937","1":"product","2":"type-product","3":"status-publish","4":"has-post-thumbnail","6":"product_cat-neurofeedback","8":"first","9":"instock","10":"taxable","11":"shipping-taxable","12":"purchasable","13":"product-type-simple"},"_links":{"self":[{"href":"https:\/\/www.lasalmasgroup.com\/es\/wp-json\/wp\/v2\/product\/12937","targetHints":{"allow":["GET"]}}],"collection":[{"href":"https:\/\/www.lasalmasgroup.com\/es\/wp-json\/wp\/v2\/product"}],"about":[{"href":"https:\/\/www.lasalmasgroup.com\/es\/wp-json\/wp\/v2\/types\/product"}],"replies":[{"embeddable":true,"href":"https:\/\/www.lasalmasgroup.com\/es\/wp-json\/wp\/v2\/comments?post=12937"}],"version-history":[{"count":0,"href":"https:\/\/www.lasalmasgroup.com\/es\/wp-json\/wp\/v2\/product\/12937\/revisions"}],"wp:featuredmedia":[{"embeddable":true,"href":"https:\/\/www.lasalmasgroup.com\/es\/wp-json\/wp\/v2\/media\/13859"}],"wp:attachment":[{"href":"https:\/\/www.lasalmasgroup.com\/es\/wp-json\/wp\/v2\/media?parent=12937"}],"wp:term":[{"taxonomy":"product_brand","embeddable":true,"href":"https:\/\/www.lasalmasgroup.com\/es\/wp-json\/wp\/v2\/product_brand?post=12937"},{"taxonomy":"product_cat","embeddable":true,"href":"https:\/\/www.lasalmasgroup.com\/es\/wp-json\/wp\/v2\/product_cat?post=12937"},{"taxonomy":"product_tag","embeddable":true,"href":"https:\/\/www.lasalmasgroup.com\/es\/wp-json\/wp\/v2\/product_tag?post=12937"}],"curies":[{"name":"wp","href":"https:\/\/api.w.org\/{rel}","templated":true}]}}