{"id":11519,"date":"2025-02-16T16:24:51","date_gmt":"2025-02-16T15:24:51","guid":{"rendered":"http:\/\/www.lasalmasgroup.com\/?post_type=product&#038;p=11519"},"modified":"2025-07-31T19:59:56","modified_gmt":"2025-07-31T17:59:56","slug":"synchroni-trio","status":"publish","type":"product","link":"https:\/\/www.lasalmasgroup.com\/es\/producto\/synchroni-trio\/","title":{"rendered":"Las Almas Tr\u00edo"},"content":{"rendered":"<p><strong data-start=\"0\" data-end=\"58\" data-is-only-node=\"\">Las Almas Trio \u2013 tu soluci\u00f3n definitiva en neurofeedback.<\/strong><br data-start=\"58\" data-end=\"61\" \/>Dise\u00f1ado para un funcionamiento perfecto sin comprometer la integridad de los datos, este dispositivo de \u00faltima generaci\u00f3n ofrece funcionalidad de EEG de 2 canales y ECG de 1 canal.<br data-start=\"222\" data-end=\"225\" \/>Experimente una recopilaci\u00f3n de datos simplificada gracias al dise\u00f1o intuitivo del dispositivo de Synchroni y a los electrodos f\u00e1ciles de usar.<br data-start=\"363\" data-end=\"366\" \/>Equipado con monitoreo de impedancia en tiempo real y tecnolog\u00eda de se\u00f1al de alta resoluci\u00f3n, Las Almas Trio garantiza una adquisici\u00f3n de datos precisa y confiable en cada aplicaci\u00f3n.<br data-start=\"545\" data-end=\"548\" \/>Nuestro SDK integral admite m\u00faltiples plataformas y permite un desarrollo de software sencillo para todas sus aplicaciones.<br data-start=\"687\" data-end=\"690\" \/>Adem\u00e1s, el Trio est\u00e1 disponible con diferentes configuraciones de electrodos para adaptarse \u00f3ptimamente a sus necesidades espec\u00edficas.<\/p>\n<p><strong><span class=\"TextRun SCXW13604280 BCX0\" data-contrast=\"auto\"><span class=\"NormalTextRun SCXW13604280 BCX0\">Las Almas Trio \u2013 tu soluci\u00f3n definitiva en neurofeedback.<\/span><\/span><\/strong><\/p>\n<p><span class=\"TextRun SCXW13604280 BCX0\" data-contrast=\"auto\"><span class=\"NormalTextRun SCXW13604280 BCX0\">Dise\u00f1ado para un funcionamiento perfecto sin sacrificar la integridad de los datos, este dispositivo de vanguardia cuenta con capacidades de EEG de 2 canales y ECG de 1 canal. <\/span><\/span><\/p>\n<p><span class=\"TextRun SCXW13604280 BCX0\" data-contrast=\"auto\"><span class=\"NormalTextRun SCXW13604280 BCX0\">Experimente una recopilaci\u00f3n de datos optimizada gracias al dise\u00f1o intuitivo del dispositivo y a los electrodos f\u00e1ciles de usar de Synchroni. Equipado con monitorizaci\u00f3n de impedancia en tiempo real y tecnolog\u00eda de se\u00f1al de alta fidelidad, Las Almas Trio garantiza una recopilaci\u00f3n de datos precisa y exacta en cada uso. <\/span><\/span><\/p>\n<p><span class=\"TextRun SCXW13604280 BCX0\" data-contrast=\"auto\"><span class=\"NormalTextRun SCXW13604280 BCX0\">Nuestro completo SDK ofrece compatibilidad con diversas plataformas, lo que garantiza un desarrollo de software sencillo para todas sus aplicaciones. Adem\u00e1s, el Trio incluye diferentes configuraciones de electrodos para adaptarse mejor a las necesidades de su aplicaci\u00f3n.<\/span><\/span><span class=\"EOP SCXW13604280 BCX0\" data-ccp-props=\"{&quot;134233118&quot;:true,&quot;201341983&quot;:0,&quot;335559740&quot;:240}\">\u00a0<\/span><\/p>","protected":false},"excerpt":{"rendered":"<p><span data-contrast=\"auto\">What&#8217;s in the box:<\/span><span data-ccp-props=\"{&quot;134233117&quot;:true,&quot;134233118&quot;:true,&quot;201341983&quot;:0,&quot;335559740&quot;:240}\">\u00a0<\/span><\/p>\n<ul>\n<li data-leveltext=\"\uf0b7\" data-font=\"Symbol\" data-listid=\"2\" data-list-defn-props=\"{&quot;335552541&quot;:1,&quot;335559685&quot;:720,&quot;335559991&quot;:360,&quot;469769226&quot;:&quot;Symbol&quot;,&quot;469769242&quot;:[8226],&quot;469777803&quot;:&quot;left&quot;,&quot;469777804&quot;:&quot;\uf0b7&quot;,&quot;469777815&quot;:&quot;multilevel&quot;}\" aria-setsize=\"-1\" data-aria-posinset=\"1\" data-aria-level=\"1\"><span data-contrast=\"auto\">1x Las Almas Trio<\/span><span data-ccp-props=\"{&quot;134233117&quot;:true,&quot;134233118&quot;:true,&quot;201341983&quot;:0,&quot;335559740&quot;:240}\">\u00a0<\/span><\/li>\n<li data-leveltext=\"\uf0b7\" data-font=\"Symbol\" data-listid=\"2\" data-list-defn-props=\"{&quot;335552541&quot;:1,&quot;335559685&quot;:720,&quot;335559991&quot;:360,&quot;469769226&quot;:&quot;Symbol&quot;,&quot;469769242&quot;:[8226],&quot;469777803&quot;:&quot;left&quot;,&quot;469777804&quot;:&quot;\uf0b7&quot;,&quot;469777815&quot;:&quot;multilevel&quot;}\" aria-setsize=\"-1\" data-aria-posinset=\"1\" data-aria-level=\"1\"><span data-contrast=\"auto\">2x Electrodes\u202f<\/span><span data-ccp-props=\"{&quot;134233117&quot;:true,&quot;134233118&quot;:true,&quot;201341983&quot;:0,&quot;335559740&quot;:240}\">\u00a0<\/span><\/li>\n<li data-leveltext=\"\uf0b7\" data-font=\"Symbol\" data-listid=\"2\" data-list-defn-props=\"{&quot;335552541&quot;:1,&quot;335559685&quot;:720,&quot;335559991&quot;:360,&quot;469769226&quot;:&quot;Symbol&quot;,&quot;469769242&quot;:[8226],&quot;469777803&quot;:&quot;left&quot;,&quot;469777804&quot;:&quot;\uf0b7&quot;,&quot;469777815&quot;:&quot;multilevel&quot;}\" aria-setsize=\"-1\" data-aria-posinset=\"1\" data-aria-level=\"1\"><span data-contrast=\"auto\">1x Las Almas Trio EEG Cables<\/span><span data-ccp-props=\"{&quot;134233117&quot;:true,&quot;134233118&quot;:true,&quot;201341983&quot;:0,&quot;335559740&quot;:240}\">\u00a0<\/span><\/li>\n<li data-leveltext=\"\uf0b7\" data-font=\"Symbol\" data-listid=\"2\" data-list-defn-props=\"{&quot;335552541&quot;:1,&quot;335559685&quot;:720,&quot;335559991&quot;:360,&quot;469769226&quot;:&quot;Symbol&quot;,&quot;469769242&quot;:[8226],&quot;469777803&quot;:&quot;left&quot;,&quot;469777804&quot;:&quot;\uf0b7&quot;,&quot;469777815&quot;:&quot;multilevel&quot;}\" aria-setsize=\"-1\" data-aria-posinset=\"1\" data-aria-level=\"1\"><span data-contrast=\"auto\">1x EEG Cap (S, M, or L)<\/span><span data-ccp-props=\"{&quot;134233117&quot;:true,&quot;134233118&quot;:true,&quot;201341983&quot;:0,&quot;335559740&quot;:240}\">\u00a0<\/span><\/li>\n<li data-leveltext=\"\uf0b7\" data-font=\"Symbol\" data-listid=\"2\" data-list-defn-props=\"{&quot;335552541&quot;:1,&quot;335559685&quot;:720,&quot;335559991&quot;:360,&quot;469769226&quot;:&quot;Symbol&quot;,&quot;469769242&quot;:[8226],&quot;469777803&quot;:&quot;left&quot;,&quot;469777804&quot;:&quot;\uf0b7&quot;,&quot;469777815&quot;:&quot;multilevel&quot;}\" aria-setsize=\"-1\" data-aria-posinset=\"1\" data-aria-level=\"1\"><span data-contrast=\"auto\">5x ECG electrodes<\/span><span data-ccp-props=\"{&quot;134233117&quot;:true,&quot;134233118&quot;:true,&quot;201341983&quot;:0,&quot;335559740&quot;:240}\">\u00a0<\/span><\/li>\n<li data-leveltext=\"\uf0b7\" data-font=\"Symbol\" data-listid=\"2\" data-list-defn-props=\"{&quot;335552541&quot;:1,&quot;335559685&quot;:720,&quot;335559991&quot;:360,&quot;469769226&quot;:&quot;Symbol&quot;,&quot;469769242&quot;:[8226],&quot;469777803&quot;:&quot;left&quot;,&quot;469777804&quot;:&quot;\uf0b7&quot;,&quot;469777815&quot;:&quot;multilevel&quot;}\" aria-setsize=\"-1\" data-aria-posinset=\"1\" data-aria-level=\"1\"><span data-contrast=\"auto\">1x Charging Cable + Plug<\/span><span data-ccp-props=\"{&quot;134233117&quot;:true,&quot;201341983&quot;:0,&quot;335559739&quot;:0,&quot;335559740&quot;:240}\">\u00a0<\/span><\/li>\n<\/ul>\n<p><span data-contrast=\"auto\">* If you select the magnetic electrode option the hat is not included only the EEG cap.<\/span><span data-ccp-props=\"{&quot;134233117&quot;:true,&quot;201341983&quot;:0,&quot;335559739&quot;:0,&quot;335559740&quot;:240}\">\u00a0<\/span><\/p>\n<p><span data-contrast=\"auto\">Cap measurements (Circumference):\u202f<\/span><span data-ccp-props=\"{&quot;134233117&quot;:true,&quot;134233118&quot;:true,&quot;201341983&quot;:0,&quot;335559740&quot;:240}\">\u00a0<\/span><\/p>\n<p><span data-contrast=\"auto\">Small: 54cm<\/span><span data-ccp-props=\"{&quot;134233117&quot;:true,&quot;134233118&quot;:true,&quot;201341983&quot;:0,&quot;335559740&quot;:240}\"><br \/>\n<\/span><span data-contrast=\"auto\">Medium: 58cm<\/span><span data-ccp-props=\"{&quot;134233117&quot;:true,&quot;134233118&quot;:true,&quot;201341983&quot;:0,&quot;335559740&quot;:240}\"><br \/>\n<\/span><span data-contrast=\"auto\">Large: 62cm<\/span><span data-ccp-props=\"{&quot;134233117&quot;:true,&quot;201341983&quot;:0,&quot;335559739&quot;:0,&quot;335559740&quot;:240}\">\u00a0<\/span><\/p>\n","protected":false},"featured_media":11193,"comment_status":"open","ping_status":"closed","template":"","meta":[],"product_brand":[],"product_cat":[69],"product_tag":[],"class_list":{"0":"post-11519","1":"product","2":"type-product","3":"status-publish","4":"has-post-thumbnail","6":"product_cat-neurofeedback","8":"first","9":"instock","10":"taxable","11":"shipping-taxable","12":"purchasable","13":"product-type-simple"},"_links":{"self":[{"href":"https:\/\/www.lasalmasgroup.com\/es\/wp-json\/wp\/v2\/product\/11519","targetHints":{"allow":["GET"]}}],"collection":[{"href":"https:\/\/www.lasalmasgroup.com\/es\/wp-json\/wp\/v2\/product"}],"about":[{"href":"https:\/\/www.lasalmasgroup.com\/es\/wp-json\/wp\/v2\/types\/product"}],"replies":[{"embeddable":true,"href":"https:\/\/www.lasalmasgroup.com\/es\/wp-json\/wp\/v2\/comments?post=11519"}],"version-history":[{"count":0,"href":"https:\/\/www.lasalmasgroup.com\/es\/wp-json\/wp\/v2\/product\/11519\/revisions"}],"wp:featuredmedia":[{"embeddable":true,"href":"https:\/\/www.lasalmasgroup.com\/es\/wp-json\/wp\/v2\/media\/11193"}],"wp:attachment":[{"href":"https:\/\/www.lasalmasgroup.com\/es\/wp-json\/wp\/v2\/media?parent=11519"}],"wp:term":[{"taxonomy":"product_brand","embeddable":true,"href":"https:\/\/www.lasalmasgroup.com\/es\/wp-json\/wp\/v2\/product_brand?post=11519"},{"taxonomy":"product_cat","embeddable":true,"href":"https:\/\/www.lasalmasgroup.com\/es\/wp-json\/wp\/v2\/product_cat?post=11519"},{"taxonomy":"product_tag","embeddable":true,"href":"https:\/\/www.lasalmasgroup.com\/es\/wp-json\/wp\/v2\/product_tag?post=11519"}],"curies":[{"name":"wp","href":"https:\/\/api.w.org\/{rel}","templated":true}]}}