{"id":13281,"date":"2025-06-12T16:32:50","date_gmt":"2025-06-12T14:32:50","guid":{"rendered":"https:\/\/www.lasalmasgroup.com\/?page_id=13281"},"modified":"2025-08-11T20:26:31","modified_gmt":"2025-08-11T18:26:31","slug":"centro-de-especialistas-de-las-almas","status":"publish","type":"page","link":"https:\/\/www.lasalmasgroup.com\/es\/centro-de-especialistas-de-las-almas\/","title":{"rendered":"Centro de Especialistas Las Almas"},"content":{"rendered":"<p><strong>Centro de Excelencia Las Almas \u2013 Di\u00e1logo. Investigaci\u00f3n. Innovaci\u00f3n.<\/strong><\/p>\n\n\n\n<p>En&nbsp;<strong>Centro de Especialistas Las Almas<\/strong>&nbsp;Constituye la columna vertebral cient\u00edfica de nuestro trabajo terap\u00e9utico. Es un centro interdisciplinario de intercambio, investigaci\u00f3n y desarrollo en el campo de las terapias psicol\u00f3gicas y neurotecnol\u00f3gicas innovadoras.<\/p>\n\n\n\n<p><strong>Objetivo y misi\u00f3n<\/strong><\/p>\n\n\n\n<p>En el centro de nuestro trabajo se encuentra el an\u00e1lisis cr\u00edtico de las terapias establecidas y emergentes en el campo de la salud mental. El objetivo del Centro es destacar innovaciones con base cient\u00edfica, evaluar hallazgos pr\u00e1cticos y definir nuevos est\u00e1ndares para el futuro de la terapia integrativa.<\/p>\n\n\n\n<p><strong>Intercambio cient\u00edfico y creaci\u00f3n de redes<\/strong><\/p>\n\n\n\n<p>El centro conecta a expertos de diversos campos:<\/p>\n\n\n\n<ul class=\"wp-block-list\">\n<li>Universidades e institutos de investigaci\u00f3n<\/li>\n\n\n\n<li>Asociaciones profesionales y asociaciones m\u00e9dicas<\/li>\n\n\n\n<li>Cl\u00ednicas, centros de rehabilitaci\u00f3n e instalaciones de terapia<\/li>\n\n\n\n<li>Seguro social y de salud<\/li>\n\n\n\n<li>Proveedor de tecnolog\u00edas y procesos innovadores<\/li>\n<\/ul>\n\n\n\n<p>Este intercambio se lleva a cabo de forma continua: en grupos de proyectos, en formatos en l\u00ednea y como parte de nuestro programa anual.&nbsp;<strong>LAS<\/strong>&nbsp;<strong>Simposio ALMAS<\/strong>&nbsp;en Viena.<\/p>\n\n\n\n<p><strong>El Simposio LAS ALMAS<\/strong><\/p>\n\n\n\n<p>Una vez al a\u00f1o, organizamos un simposio internacional en cooperaci\u00f3n con nuestros socios, que se centra en los siguientes temas:<\/p>\n\n\n\n<ul class=\"wp-block-list\">\n<li>\u00daltimos avances en neurofeedback, rTMS, experiencia de luz y biofeedback<\/li>\n\n\n\n<li>Integraci\u00f3n de procedimientos alternativos en la pr\u00e1ctica m\u00e9dica convencional<\/li>\n\n\n\n<li>Evaluaci\u00f3n basada en resultados de enfoques terap\u00e9uticos h\u00edbridos<\/li>\n\n\n\n<li>Investigaci\u00f3n aplicada sobre intervenciones basadas en ketamina y modulaci\u00f3n de la conciencia<\/li>\n\n\n\n<li>Salud digital, wearables y seguridad de datos en el proceso terap\u00e9utico<\/li>\n<\/ul>\n\n\n\n<p>El simposio se propone ser un foro abierto para la reflexi\u00f3n, el intercambio y la transferencia de conocimientos. Est\u00e1 dirigido tanto a expertos como a terapeutas con inter\u00e9s en la tecnolog\u00eda, responsables de la toma de decisiones sanitarias y al sector de la investigaci\u00f3n.<\/p>\n\n\n\n<p><strong>Publicaciones y estudios<\/strong><\/p>\n\n\n\n<p>El Centro coordina sus propios proyectos piloto, as\u00ed como estudios colaborativos con instituciones de investigaci\u00f3n internacionales. Estos incluyen:<\/p>\n\n\n\n<ul class=\"wp-block-list\">\n<li>Eficacia de los programas de terapia neuroadaptativa<\/li>\n\n\n\n<li>Marcadores psicofisiol\u00f3gicos en el \u00e9xito de la terapia<\/li>\n\n\n\n<li>Rutas terap\u00e9uticas individualizadas mediante an\u00e1lisis de datos con apoyo de IA<\/li>\n\n\n\n<li>Documentaci\u00f3n basada en evidencia de la Terapia R\u00e1pida H\u00edbrida de Las Almas<\/li>\n\n\n\n<li>Documentaci\u00f3n basada en evidencia de la terapia de e-salud de Las Almas Post<\/li>\n<\/ul>\n\n\n\n<p>Los resultados seleccionados se publican en revistas especializadas y se incorporan directamente al desarrollo de nuestros protocolos de tratamiento y programas de educaci\u00f3n continua.<\/p>\n\n\n\n<p><strong>Puente entre la ciencia y la pr\u00e1ctica<\/strong><\/p>\n\n\n\n<p>El Centro no es solo un espacio de investigaci\u00f3n, sino tambi\u00e9n un facilitador de aplicaciones pr\u00e1cticas. Los nuevos hallazgos y est\u00e1ndares se difunden directamente a los Institutos Las Almas y a la&nbsp;<strong>LAS ALMAS<\/strong>&nbsp;Academia para garantizar una alta calidad de tratamiento en todas las instalaciones.<\/p>\n\n\n\n<hr class=\"wp-block-separator has-alpha-channel-opacity\"\/>\n\n\n\n<p><strong>Centro de Excelencia Las Almas \u2013 Construyendo el futuro a trav\u00e9s del conocimiento<\/strong><\/p>\n\n\n\n<p>Creemos que s\u00f3lo una combinaci\u00f3n s\u00f3lida de profundidad cient\u00edfica, experiencia cl\u00ednica y curiosidad tecnol\u00f3gica puede producir soluciones sostenibles a largo plazo para la salud mental.<\/p>","protected":false},"excerpt":{"rendered":"<p>Las Almas Fachzentrum \u2013 Dialog. Forschung. Innovation. Das&nbsp;Fachzentrum Las Almas&nbsp;bildet das wissenschaftliche R\u00fcckgrat unserer therapeutischen Arbeit. Es ist ein interdisziplin\u00e4rer Knotenpunkt f\u00fcr Austausch, Forschung und Entwicklung auf dem Gebiet innovativer psychologischer und neurotechnologischer Therapien. Ziel und Auftrag Im Zentrum unserer Arbeit steht die kritische Auseinandersetzung mit etablierten und neuen Therapieformen im Bereich der psychischen Gesundheit. [&hellip;]<\/p>\n","protected":false},"author":16,"featured_media":0,"parent":0,"menu_order":0,"comment_status":"closed","ping_status":"closed","template":"","meta":{"footnotes":""},"class_list":["post-13281","page","type-page","status-publish","hentry"],"_links":{"self":[{"href":"https:\/\/www.lasalmasgroup.com\/es\/wp-json\/wp\/v2\/pages\/13281","targetHints":{"allow":["GET"]}}],"collection":[{"href":"https:\/\/www.lasalmasgroup.com\/es\/wp-json\/wp\/v2\/pages"}],"about":[{"href":"https:\/\/www.lasalmasgroup.com\/es\/wp-json\/wp\/v2\/types\/page"}],"author":[{"embeddable":true,"href":"https:\/\/www.lasalmasgroup.com\/es\/wp-json\/wp\/v2\/users\/16"}],"replies":[{"embeddable":true,"href":"https:\/\/www.lasalmasgroup.com\/es\/wp-json\/wp\/v2\/comments?post=13281"}],"version-history":[{"count":0,"href":"https:\/\/www.lasalmasgroup.com\/es\/wp-json\/wp\/v2\/pages\/13281\/revisions"}],"wp:attachment":[{"href":"https:\/\/www.lasalmasgroup.com\/es\/wp-json\/wp\/v2\/media?parent=13281"}],"curies":[{"name":"wp","href":"https:\/\/api.w.org\/{rel}","templated":true}]}}