{"id":13279,"date":"2025-06-12T16:32:07","date_gmt":"2025-06-12T14:32:07","guid":{"rendered":"https:\/\/www.lasalmasgroup.com\/?page_id=13279"},"modified":"2025-08-11T20:26:30","modified_gmt":"2025-08-11T18:26:30","slug":"academia-las-almas","status":"publish","type":"page","link":"https:\/\/www.lasalmasgroup.com\/es\/academia-las-almas\/","title":{"rendered":"Academia Las Almas"},"content":{"rendered":"<p><strong>Formaci\u00f3n avanzada basada en la neurociencia: pr\u00e1ctica, fundamentada y orientada al futuro.<\/strong><\/p>\n\n\n\n<p>En la Academia Las Almas, impartimos conocimientos profundos y habilidades pr\u00e1cticas en el uso de nuestras innovadoras herramientas terap\u00e9uticas, que incluyen neurofeedback, rTMS, experiencia de luz hipnag\u00f3gica (Lucia N\u00b003), an\u00e1lisis del sue\u00f1o y otros procedimientos de salud electr\u00f3nica.<\/p>\n\n\n\n<p>Nuestros cursos de formaci\u00f3n est\u00e1n dirigidos a terapeutas, m\u00e9dicos y entrenadores, as\u00ed como a personas interesadas.&nbsp;<strong>usuarios privados<\/strong>que quieran asumir la responsabilidad de mejorar su salud mental.<\/p>\n\n\n\n<p>El contenido se presenta de forma pr\u00e1ctica, cient\u00edficamente fundamentada e interactiva, tanto en l\u00ednea como presencialmente.<br>Al completarlo con \u00e9xito, todos los participantes recibir\u00e1n un&nbsp;<strong>Certificado de participaci\u00f3n<\/strong>&nbsp;La Academia Las Almas.<\/p>\n\n\n\n<p><strong>Descubra c\u00f3mo se puede utilizar eficazmente la neurotecnolog\u00eda moderna, para usted o en su pr\u00e1ctica profesional.<\/strong><\/p>\n\n\n\n<p><strong>Nuestro enfoque<\/strong><\/p>\n\n\n\n<ul class=\"wp-block-list\">\n<li><strong>Neurofeedback<\/strong>\u00a0(fijo y m\u00f3vil): aplicaci\u00f3n, selecci\u00f3n de protocolo, trabajo de casos<\/li>\n\n\n\n<li><strong>rTMS (estimulaci\u00f3n magn\u00e9tica transcraneal repetitiva):<\/strong>\u00a0Introducci\u00f3n, indicaciones, pr\u00e1ctica<\/li>\n\n\n\n<li><strong>Experiencia de luz hipnag\u00f3gica con Luc\u00eda N\u00b003:<\/strong>\u00a0Teor\u00eda y pr\u00e1ctica, uso terap\u00e9utico<\/li>\n\n\n\n<li><strong>Tecnolog\u00edas port\u00e1tiles:<\/strong>\u00a0Uso de la monitorizaci\u00f3n del sue\u00f1o y del estr\u00e9s en un contexto terap\u00e9utico<\/li>\n\n\n\n<li><strong>Aplicaci\u00f3n integradora:<\/strong>\u00a0Combinaci\u00f3n de procedimientos neurotecnol\u00f3gicos con terapia, coaching y trabajo corporal.<\/li>\n<\/ul>\n\n\n\n<p><strong>\u00bfPara qui\u00e9n es la academia?<\/strong><\/p>\n\n\n\n<p>Nuestros cursos de formaci\u00f3n est\u00e1n dirigidos a:<\/p>\n\n\n\n<ul class=\"wp-block-list\">\n<li>Psicoterapeutas, m\u00e9dicos, psic\u00f3logos<\/li>\n\n\n\n<li>Practicantes alternativos, entrenadores, terapeutas corporales<\/li>\n\n\n\n<li>Cl\u00ednicas, institutos y consultorios que quieran ampliar sus servicios<\/li>\n\n\n\n<li>Profesionales que quieran utilizar enfoques respaldados por la tecnolog\u00eda de una manera bien fundada y \u00e9ticamente reflexiva.<\/li>\n<\/ul>\n\n\n\n<p><strong>Qu\u00e9 esperar<\/strong><\/p>\n\n\n\n<ul class=\"wp-block-list\">\n<li><strong>M\u00f3dulos pr\u00e1cticos<\/strong>, dirigido por expertos experimentados<\/li>\n\n\n\n<li><strong>Grupos peque\u00f1os y apoyo personal<\/strong><\/li>\n\n\n\n<li><strong>Certificados de participaci\u00f3n y supervisi\u00f3n<\/strong><\/li>\n\n\n\n<li>Opcional:\u00a0<strong>Formaci\u00f3n de aplicaci\u00f3n en Mallorca o online<\/strong><\/li>\n<\/ul>","protected":false},"excerpt":{"rendered":"<p>Fortbildung auf neurowissenschaftlicher Basis \u2013 praxisnah, fundiert, zukunftsorientiert In der Las Almas Akademie vermitteln wir fundiertes Wissen und praktische Kompetenzen im Umgang mit unseren innovativen therapeutischen Werkzeugen \u2013 darunter Neurofeedback, rTMS, hypnagoge Lichterfahrung (Lucia N\u00b003), Schlafanalyse und weitere E-Health-Verfahren. Unsere Weiterbildungen richten sich sowohl an Therapeut:innen, \u00c4rzt:innen und Coaches als auch an interessierte&nbsp;private Anwender:innen, die [&hellip;]<\/p>\n","protected":false},"author":16,"featured_media":0,"parent":0,"menu_order":0,"comment_status":"closed","ping_status":"closed","template":"","meta":{"footnotes":""},"class_list":["post-13279","page","type-page","status-publish","hentry"],"_links":{"self":[{"href":"https:\/\/www.lasalmasgroup.com\/es\/wp-json\/wp\/v2\/pages\/13279","targetHints":{"allow":["GET"]}}],"collection":[{"href":"https:\/\/www.lasalmasgroup.com\/es\/wp-json\/wp\/v2\/pages"}],"about":[{"href":"https:\/\/www.lasalmasgroup.com\/es\/wp-json\/wp\/v2\/types\/page"}],"author":[{"embeddable":true,"href":"https:\/\/www.lasalmasgroup.com\/es\/wp-json\/wp\/v2\/users\/16"}],"replies":[{"embeddable":true,"href":"https:\/\/www.lasalmasgroup.com\/es\/wp-json\/wp\/v2\/comments?post=13279"}],"version-history":[{"count":0,"href":"https:\/\/www.lasalmasgroup.com\/es\/wp-json\/wp\/v2\/pages\/13279\/revisions"}],"wp:attachment":[{"href":"https:\/\/www.lasalmasgroup.com\/es\/wp-json\/wp\/v2\/media?parent=13279"}],"curies":[{"name":"wp","href":"https:\/\/api.w.org\/{rel}","templated":true}]}}