{"id":13277,"date":"2025-06-12T16:31:23","date_gmt":"2025-06-12T14:31:23","guid":{"rendered":"https:\/\/www.lasalmasgroup.com\/?page_id=13277"},"modified":"2025-08-11T20:26:29","modified_gmt":"2025-08-11T18:26:29","slug":"fundacion-las-almas","status":"publish","type":"page","link":"https:\/\/www.lasalmasgroup.com\/es\/fundacion-las-almas\/","title":{"rendered":"Fundaci\u00f3n Las Almas\u00a0"},"content":{"rendered":"<p><strong>Fundaci\u00f3n Las Almas: Habilitando terapia donde se necesita con urgencia<\/strong><\/p>\n\n\n\n<p>Las enfermedades mentales y psicosom\u00e1ticas graves afectan a muchas personas, a menudo en la flor de la vida. Para quienes las padecen, el tratamiento terap\u00e9utico intensivo no solo es \u00fatil, sino vital. Sin embargo, a muchos se les niega precisamente esta ayuda por falta de recursos econ\u00f3micos.<\/p>\n\n\n\n<p>La Fundaci\u00f3n Las Almas fue fundada para cambiar eso.<br>Nuestro objetivo es brindar a las personas acceso a terapia calificada, all\u00ed donde se necesita con urgencia.<\/p>\n\n\n\n<p>En nuestro instituto, trabajamos con personas con enfermedades graves que experimentan crisis psicol\u00f3gicas o psicosom\u00e1ticas agudas. Nuestros programas terap\u00e9uticos les ofrecen la oportunidad de recuperar la estabilidad, la orientaci\u00f3n y la calidad de vida. Sin embargo, no todos pueden costear este tratamiento, a pesar de la gran necesidad.<\/p>\n\n\n\n<p><strong>A qui\u00e9n ayudamos y c\u00f3mo<\/strong><\/p>\n\n\n\n<p>La fundaci\u00f3n apoya espec\u00edficamente a personas que necesitan apoyo terap\u00e9utico intensivo pero no cuentan con recursos econ\u00f3micos. Esto no solo incluye el tratamiento en Las Almas, sino que tambi\u00e9n brinda apoyo justo donde m\u00e1s se necesita, sin importar la ubicaci\u00f3n ni el proveedor.<\/p>\n\n\n\n<p>Lo que importa es la eficacia y la idoneidad de la terapia para el individuo.<\/p>\n\n\n\n<p>Por qu\u00e9 tu donaci\u00f3n hace la diferencia<\/p>\n\n\n\n<p>Con tu donaci\u00f3n no est\u00e1s posibilitando una pausa de bienestar, sino una intervenci\u00f3n terap\u00e9utica que cambia la vida de personas necesitadas.<br>Proporcionan apoyo espec\u00edfico all\u00ed donde los sistemas de atenci\u00f3n convencionales son insuficientes y se necesitan perspectivas reales.<\/p>\n\n\n\n<p>Su aportaci\u00f3n se utilizar\u00e1 de forma responsable, transparente y se destinar\u00e1 a medidas terap\u00e9uticas que no ser\u00edan posibles sin apoyo financiero.<\/p>\n\n\n\n<p><strong>Lo que representa la Fundaci\u00f3n Las Almas<\/strong><\/p>\n\n\n\n<ul class=\"wp-block-list\">\n<li>Terapia en lugar de lujo: Promovemos tratamientos profundos y basados en evidencia para personas con angustia psicol\u00f3gica o psicosom\u00e1tica severa.<\/li>\n\n\n\n<li>Basado en las necesidades: los fondos se asignan donde las necesidades terap\u00e9uticas son mayores, incluso fuera de nuestro instituto.<\/li>\n\n\n\n<li>Responsabilidad y transparencia: Cada subvenci\u00f3n se revisa cuidadosamente y se documenta peri\u00f3dicamente.<\/li>\n<\/ul>\n\n\n\n<p><\/p>","protected":false},"excerpt":{"rendered":"<p>Die Las Almas Stiftung \u2013 Therapie erm\u00f6glichen, wo sie dringend gebraucht wird Schwere psychische und psychosomatische Erkrankungen betreffen viele Menschen \u2013 oft mitten im Leben. F\u00fcr Betroffene ist eine intensive therapeutische Behandlung nicht nur hilfreich, sondern existenziell. Doch genau diese Hilfe bleibt vielen verwehrt, weil die finanziellen Mittel fehlen. Die Las Almas Stiftung wurde gegr\u00fcndet, [&hellip;]<\/p>\n","protected":false},"author":16,"featured_media":0,"parent":0,"menu_order":0,"comment_status":"closed","ping_status":"closed","template":"","meta":{"footnotes":""},"class_list":["post-13277","page","type-page","status-publish","hentry"],"_links":{"self":[{"href":"https:\/\/www.lasalmasgroup.com\/es\/wp-json\/wp\/v2\/pages\/13277","targetHints":{"allow":["GET"]}}],"collection":[{"href":"https:\/\/www.lasalmasgroup.com\/es\/wp-json\/wp\/v2\/pages"}],"about":[{"href":"https:\/\/www.lasalmasgroup.com\/es\/wp-json\/wp\/v2\/types\/page"}],"author":[{"embeddable":true,"href":"https:\/\/www.lasalmasgroup.com\/es\/wp-json\/wp\/v2\/users\/16"}],"replies":[{"embeddable":true,"href":"https:\/\/www.lasalmasgroup.com\/es\/wp-json\/wp\/v2\/comments?post=13277"}],"version-history":[{"count":0,"href":"https:\/\/www.lasalmasgroup.com\/es\/wp-json\/wp\/v2\/pages\/13277\/revisions"}],"wp:attachment":[{"href":"https:\/\/www.lasalmasgroup.com\/es\/wp-json\/wp\/v2\/media?parent=13277"}],"curies":[{"name":"wp","href":"https:\/\/api.w.org\/{rel}","templated":true}]}}