{"id":13281,"date":"2025-06-12T16:32:50","date_gmt":"2025-06-12T14:32:50","guid":{"rendered":"https:\/\/www.lasalmasgroup.com\/?page_id=13281"},"modified":"2025-08-11T20:26:31","modified_gmt":"2025-08-11T18:26:31","slug":"las-almas-specialist-center","status":"publish","type":"page","link":"https:\/\/www.lasalmasgroup.com\/en\/las-almas-specialist-center\/","title":{"rendered":"Las Almas Specialist Center"},"content":{"rendered":"<p><strong>Las Almas Center of Excellence \u2013 Dialogue. Research. Innovation.<\/strong><\/p>\n\n\n\n<p>The&nbsp;<strong>Las Almas Specialist Center<\/strong>&nbsp;forms the scientific backbone of our therapeutic work. It is an interdisciplinary hub for exchange, research, and development in the field of innovative psychological and neurotechnological therapies.<\/p>\n\n\n\n<p><strong>Goal and mission<\/strong><\/p>\n\n\n\n<p>At the heart of our work is the critical examination of established and emerging forms of therapy in the field of mental health. The Center&#039;s goal is to highlight scientifically based innovations, evaluate practical findings, and define new standards for the future of integrative therapy.<\/p>\n\n\n\n<p><strong>Scientific exchange and networking<\/strong><\/p>\n\n\n\n<p>The center connects experts from various fields:<\/p>\n\n\n\n<ul class=\"wp-block-list\">\n<li>Universities &amp; Research Institutes<\/li>\n\n\n\n<li>Professional associations &amp; medical associations<\/li>\n\n\n\n<li>Clinics, rehabilitation centers &amp; therapy facilities<\/li>\n\n\n\n<li>Social and health insurance<\/li>\n\n\n\n<li>Provider of technologies &amp; innovative processes<\/li>\n<\/ul>\n\n\n\n<p>This exchange takes place continuously \u2013 in project groups, online formats and as part of our annual&nbsp;<strong>LAS<\/strong>&nbsp;<strong>ALMAS Symposium<\/strong>&nbsp;in Vienna.<\/p>\n\n\n\n<p><strong>The LAS ALMAS Symposium<\/strong><\/p>\n\n\n\n<p>Once a year, we organize an international symposium in cooperation with our partners, which focuses on the following topics:<\/p>\n\n\n\n<ul class=\"wp-block-list\">\n<li>Latest developments in neurofeedback, rTMS, light experience &amp; biofeedback<\/li>\n\n\n\n<li>Integration of alternative procedures into conventional medical practice<\/li>\n\n\n\n<li>Outcome-based evaluation of hybrid therapeutic approaches<\/li>\n\n\n\n<li>Applied research on ketamine-based interventions and consciousness modulation<\/li>\n\n\n\n<li>Digital Health, Wearables &amp; Data Security in the Therapy Process<\/li>\n<\/ul>\n\n\n\n<p>The symposium is intended as an open forum for reflection, exchange, and knowledge transfer. It is aimed at experts as well as technology-interested therapists, healthcare decision-makers, and the research industry.<\/p>\n\n\n\n<p><strong>Publications and studies<\/strong><\/p>\n\n\n\n<p>The Center coordinates its own pilot projects as well as collaborative studies with international research institutions. These include:<\/p>\n\n\n\n<ul class=\"wp-block-list\">\n<li>Effectiveness of neuroadaptive therapy programs<\/li>\n\n\n\n<li>Psychophysiological markers in therapy success<\/li>\n\n\n\n<li>Individualized therapy pathways through AI-supported data analysis<\/li>\n\n\n\n<li>Evidence-based documentation of Las Almas Hybrid Fast Therapy<\/li>\n\n\n\n<li>Evidence-based documentation of Las Almas Post E-Health Therapy<\/li>\n<\/ul>\n\n\n\n<p>Selected results are published in specialist journals and directly incorporated into the development of our treatment protocols and continuing education programs.<\/p>\n\n\n\n<p><strong>Bridge between science and practice<\/strong><\/p>\n\n\n\n<p>The Center is not only a place for research, but also a facilitator of practical applications. New findings and standards are directly disseminated to the Las Almas Institutes and the&nbsp;<strong>LAS ALMAS<\/strong>&nbsp;Academy to ensure high quality of treatment in all facilities.<\/p>\n\n\n\n<hr class=\"wp-block-separator has-alpha-channel-opacity\"\/>\n\n\n\n<p><strong>Las Almas Center of Excellence \u2013 Shaping the future through knowledge<\/strong><\/p>\n\n\n\n<p>We believe that only a sound combination of scientific depth, clinical experience, and technological curiosity can produce long-term, sustainable solutions for mental health.<\/p>","protected":false},"excerpt":{"rendered":"<p>Las Almas Fachzentrum \u2013 Dialog. Forschung. Innovation. Das&nbsp;Fachzentrum Las Almas&nbsp;bildet das wissenschaftliche R\u00fcckgrat unserer therapeutischen Arbeit. Es ist ein interdisziplin\u00e4rer Knotenpunkt f\u00fcr Austausch, Forschung und Entwicklung auf dem Gebiet innovativer psychologischer und neurotechnologischer Therapien. Ziel und Auftrag Im Zentrum unserer Arbeit steht die kritische Auseinandersetzung mit etablierten und neuen Therapieformen im Bereich der psychischen Gesundheit. [&hellip;]<\/p>\n","protected":false},"author":16,"featured_media":0,"parent":0,"menu_order":0,"comment_status":"closed","ping_status":"closed","template":"","meta":{"footnotes":""},"class_list":["post-13281","page","type-page","status-publish","hentry"],"_links":{"self":[{"href":"https:\/\/www.lasalmasgroup.com\/en\/wp-json\/wp\/v2\/pages\/13281","targetHints":{"allow":["GET"]}}],"collection":[{"href":"https:\/\/www.lasalmasgroup.com\/en\/wp-json\/wp\/v2\/pages"}],"about":[{"href":"https:\/\/www.lasalmasgroup.com\/en\/wp-json\/wp\/v2\/types\/page"}],"author":[{"embeddable":true,"href":"https:\/\/www.lasalmasgroup.com\/en\/wp-json\/wp\/v2\/users\/16"}],"replies":[{"embeddable":true,"href":"https:\/\/www.lasalmasgroup.com\/en\/wp-json\/wp\/v2\/comments?post=13281"}],"version-history":[{"count":0,"href":"https:\/\/www.lasalmasgroup.com\/en\/wp-json\/wp\/v2\/pages\/13281\/revisions"}],"wp:attachment":[{"href":"https:\/\/www.lasalmasgroup.com\/en\/wp-json\/wp\/v2\/media?parent=13281"}],"curies":[{"name":"wp","href":"https:\/\/api.w.org\/{rel}","templated":true}]}}