{"id":13274,"date":"2025-06-12T16:29:16","date_gmt":"2025-06-12T14:29:16","guid":{"rendered":"https:\/\/www.lasalmasgroup.com\/?page_id=13274"},"modified":"2025-09-24T10:26:19","modified_gmt":"2025-09-24T08:26:19","slug":"las-almas-holding","status":"publish","type":"page","link":"https:\/\/www.lasalmasgroup.com\/en\/las-almas-holding\/","title":{"rendered":"Las Almas Holding"},"content":{"rendered":"<p><strong>Corporate structure of the Las Almas Group<\/strong><\/p>\r\n\r\n\r\n\r\n<p>The Las Almas Group pursues a clear, growth-oriented model with the goal of establishing modern neurotherapeutic institutes in various European countries. Our institutes represent a high level of professionalism in the medical and therapeutic fields, with in-depth expertise, using certified medical devices and scientifically recognized therapeutic procedures.<\/p>\r\n\r\n\r\n\r\n<p><strong>Las ALMAS Holding GmbH\u00a0<\/strong><\/p>\r\n\r\n\r\n\r\n<p>The central holding company of the Las Almas Group currently holds\u00a0<strong>60% of the shares<\/strong>\u00a0at the institute locations being established in Europe. The remaining\u00a0<strong>40 %<\/strong>\u00a0are distributed across\u00a0<strong>Investors (20 %)<\/strong>\u00a0and\u00a0<strong>silent partners (20 %)<\/strong>, mostly experienced doctors and therapists from various medical disciplines.<\/p>\r\n\r\n\r\n\r\n<p><strong>Subsidiaries 2025\u20132026<\/strong><\/p>\r\n\r\n\r\n\r\n<p>The following institutes are under construction:<\/p>\r\n\r\n\r\n\r\n<ul class=\"wp-block-list\">\r\n<li><strong>LAS ALMAS Institute Baleares SL<\/strong><br \/>Start: October 20, 2025<\/li>\r\n\r\n\r\n\r\n<li><strong>LAS ALMAS Institute VIENNA GmbH<\/strong><br \/>Start: September 1, 2025<\/li>\r\n\r\n\r\n\r\n<li><strong>ALMAS Institute BERLIN GmbH<\/strong><br \/>Start: 2nd quarter 2026<\/li>\r\n\r\n\r\n<\/ul>\r\n\r\n\r\n\r\n<p><em>Silent partners<\/em>\u00a0are usually medical specialists from general medicine, neurology, psychiatry, gynecology, anesthesiology, pain and palliative medicine, rheumatology as well as psychosomatic medicine and therapy.<\/p>\r\n\r\n\r\n\r\n<p><strong>From 2027: Franchise model<\/strong><\/p>\r\n\r\n\r\n\r\n<p>From 2027 onwards, the expansion will be\u00a0<strong>Franchise model<\/strong>\u00a0Las ALMAS Holding GmbH will continue to participate with\u00a0<strong>25% of the shares<\/strong>, while\u00a0<strong>75% of investors<\/strong>\u00a0Every new\u00a0<strong>FRANCHISE LAS ALMAS Institut GmbH<\/strong>\u00a0is based on proven standards, therapeutic excellence and state-of-the-art technology.<\/p>\r\n\r\n\r\n<hr class=\"wp-block-separator has-alpha-channel-opacity\" \/>\r\n\r\n\r\n<h3 class=\"wp-block-heading\"><strong>The structure of the Las Almas Group<\/strong><\/h3>\r\n\r\n\r\n\r\n<p>The Las Almas Group pursues a holistic approach to psychotherapeutic and neurotechnological therapies in Europe. Its structure combines psychosomatic medicine, integrative therapy, academic education, and support.<s>\u00a0<\/s>scientific exchange through a planned three-country study<s>.<\/s><\/p>\r\n\r\n\r\n\r\n<p>In addition, the Las Almas Group will establish a foundation with the aim of helping people in need through targeted support.\u00a0<\/p>\r\n\r\n\r\n\r\n<h4 class=\"wp-block-heading\"><strong>1. LAS ALMAS Institute<\/strong><\/h4>\r\n\r\n\r\n\r\n<p>Our institutes offer the\u00a0<strong>Hybrid Fast Therapy<\/strong>\u00a0as well as an expanded range of modern, neurotechnological treatments. The goal is to create facilities that are particularly attractive due to their location, therapeutic offerings, and a recovery-promoting environment.<\/p>\r\n\r\n\r\n\r\n<p>The\u00a0<strong>Post E-Health<\/strong>\u00a0Therapy from Las Almas Group is an innovative aftercare program that ensures long-term therapeutic success and supports patients even after intensive treatment. Based on digital tools, personal support, and neurobiological insights, this program supports people in integrating what they have learned in the therapeutic process into their everyday lives \u2013 continuously, individually, and regardless of location.<\/p>\r\n\r\n\r\n\r\n<h4 class=\"wp-block-heading\"><strong>2.LAS ALMAS Academy<\/strong><\/h4>\r\n\r\n\r\n\r\n<p>From 2026, the\u00a0<strong>LAS<\/strong>\u00a0<strong>ALMAS Academy<\/strong>\u00a0was founded with the aim of training therapists and doctors in modern psychological procedures as well as in the use of innovative technologies such as neurofeedback, rTMS, light experience (Lucia N\u00b003) and much more.<\/p>\r\n\r\n\r\n\r\n<p>The academy is aimed at:<\/p>\r\n\r\n\r\n\r\n<ul class=\"wp-block-list\">\r\n<li>medical professionals<\/li>\r\n\r\n\r\n\r\n<li>Psychotherapists<\/li>\r\n\r\n\r\n\r\n<li><strong>interested private individuals<\/strong><\/li>\r\n<\/ul>\r\n\r\n\r\n\r\n<p>After successfully completing the modules, participants receive a certificate of participation issued by the Almas Academy.<\/p>\r\n\r\n\r\n\r\n<h4 class=\"wp-block-heading\"><strong>3. LAS ALMAS Foundation<\/strong><\/h4>\r\n\r\n\r\n\r\n<p>The\u00a0<strong>ALMAS Foundation<\/strong>\u00a0LAS ALMAS is a non-profit organization financed through endowments, donations, and grants. It supports patients in acute life situations who cannot afford treatment themselves. Funding is allocated by an independent committee \u2013 treatments outside of LAS ALMAS institutes can also be supported.<\/p>\r\n\r\n\r\n\r\n<h4 class=\"wp-block-heading\"><strong>4. LAS ALMAS Specialist Center<\/strong><\/h4>\r\n\r\n\r\n\r\n<p>Once a year, the Las Almas Group organizes a\u00a0<strong>Symposium\/Congress<\/strong>\u00a0in cooperation with:<\/p>\r\n\r\n\r\n\r\n<ul class=\"wp-block-list\">\r\n<li>Universities and specialist groups<\/li>\r\n\r\n\r\n\r\n<li>Clinics, rehabilitation centers, insurance companies, providers<\/li>\r\n\r\n\r\n\r\n<li>Technology and process developers<\/li>\r\n<\/ul>\r\n\r\n\r\n\r\n<p>The aim is to exchange information on current studies and new developments in the field of psychological, psychotherapeutic and neurotechnological therapies across disciplines.<\/p>\r\n\r\n\r\n<hr class=\"wp-block-separator has-alpha-channel-opacity\" \/>\r\n\r\n\r\n<p><strong>Las Almas Group \u2013 Science, technology and humanity in balance.<\/strong><\/p>","protected":false},"excerpt":{"rendered":"<p>Unternehmensstruktur der Las Almas Group Die Las Almas Group verfolgt ein klares, wachstumsorientiertes Modell mit dem Ziel, moderne, neurotherapeutische Institute in unterschiedlichen L\u00e4ndern Europas aufzubauen. Unsere Institute stehen f\u00fcr hohe Professionalit\u00e4t in medizinischem und therapeutischem Bereich mit fundiertem Fachwissen unter Anwendung zertifizierter Medizinprodukte und wissenschaftlich anerkannten Therapieverfahren. Las ALMAS Holding GmbH\u00a0 Die zentrale Holdinggesellschaft der [&hellip;]<\/p>\n","protected":false},"author":16,"featured_media":0,"parent":0,"menu_order":0,"comment_status":"closed","ping_status":"closed","template":"","meta":{"footnotes":""},"class_list":["post-13274","page","type-page","status-publish","hentry"],"_links":{"self":[{"href":"https:\/\/www.lasalmasgroup.com\/en\/wp-json\/wp\/v2\/pages\/13274","targetHints":{"allow":["GET"]}}],"collection":[{"href":"https:\/\/www.lasalmasgroup.com\/en\/wp-json\/wp\/v2\/pages"}],"about":[{"href":"https:\/\/www.lasalmasgroup.com\/en\/wp-json\/wp\/v2\/types\/page"}],"author":[{"embeddable":true,"href":"https:\/\/www.lasalmasgroup.com\/en\/wp-json\/wp\/v2\/users\/16"}],"replies":[{"embeddable":true,"href":"https:\/\/www.lasalmasgroup.com\/en\/wp-json\/wp\/v2\/comments?post=13274"}],"version-history":[{"count":0,"href":"https:\/\/www.lasalmasgroup.com\/en\/wp-json\/wp\/v2\/pages\/13274\/revisions"}],"wp:attachment":[{"href":"https:\/\/www.lasalmasgroup.com\/en\/wp-json\/wp\/v2\/media?parent=13274"}],"curies":[{"name":"wp","href":"https:\/\/api.w.org\/{rel}","templated":true}]}}